{"id":2086,"date":"2020-07-26T16:19:57","date_gmt":"2020-07-26T21:19:57","guid":{"rendered":"https:\/\/stelizabethfoundation.org\/quiere-adoptar\/apertura-en-la-adopcion\/"},"modified":"2023-12-11T14:27:29","modified_gmt":"2023-12-11T19:27:29","slug":"apertura-en-la-adopcion","status":"publish","type":"page","link":"https:\/\/stelizabethfoundation.org\/es\/quiere-adoptar\/apertura-en-la-adopcion\/","title":{"rendered":"Apertura en la adopci\u00f3n"},"content":{"rendered":"\n<div class=\"wave-block wp-block custom-block full-width\" >\n\t\t\t<div class=\"wave-background lazyload\" style=\"background-image:inherit\" data-bg-image=\"url(&#039;https:\/\/stelizabethfoundation.org\/wp-content\/themes\/stelizabeth\/src\/assets\/images\/purple_wave.png&#039;)\"><\/div>\n\t<\/div>\n<div class=\"wp-block-media-text alignwide is-stacked-on-mobile\"><figure class=\"wp-block-media-text__media\"><img decoding=\"async\" width=\"1024\" height=\"683\" data-src=\"https:\/\/stelizabethfoundation.org\/wp-content\/uploads\/2020\/06\/love-baby-boys-family-50692-1024x683.jpg\" alt=\"\" class=\"wp-image-55 lazyload\" data-srcset=\"https:\/\/stelizabethfoundation.org\/wp-content\/uploads\/2020\/06\/love-baby-boys-family-50692-1024x683.jpg 1024w, https:\/\/stelizabethfoundation.org\/wp-content\/uploads\/2020\/06\/love-baby-boys-family-50692-600x400.jpg 600w, https:\/\/stelizabethfoundation.org\/wp-content\/uploads\/2020\/06\/love-baby-boys-family-50692-768x512.jpg 768w, https:\/\/stelizabethfoundation.org\/wp-content\/uploads\/2020\/06\/love-baby-boys-family-50692-1536x1024.jpg 1536w, https:\/\/stelizabethfoundation.org\/wp-content\/uploads\/2020\/06\/love-baby-boys-family-50692-2048x1365.jpg 2048w, https:\/\/stelizabethfoundation.org\/wp-content\/uploads\/2020\/06\/love-baby-boys-family-50692-1200x800.jpg 1200w, https:\/\/stelizabethfoundation.org\/wp-content\/uploads\/2020\/06\/love-baby-boys-family-50692-1920x1280.jpg 1920w\" data-sizes=\"(max-width: 639px) 98vw, (max-width: 1199px) 64vw, 770px\" src=\"data:image\/svg+xml;base64,PHN2ZyB3aWR0aD0iMSIgaGVpZ2h0PSIxIiB4bWxucz0iaHR0cDovL3d3dy53My5vcmcvMjAwMC9zdmciPjwvc3ZnPg==\" style=\"--smush-placeholder-width: 1024px; --smush-placeholder-aspect-ratio: 1024\/683;\" \/><\/figure><div class=\"wp-block-media-text__content\">\n<h2 class=\"wp-block-heading\">Tipos de adopci\u00f3n<\/h2>\n\n\n\n<p>En la Fundaci\u00f3n St. Elizabeth, los padres biol\u00f3gicos pueden elegir entre adopciones abiertas, semiabiertas y cerradas. Usted elige el plan que mejor se adapte a sus necesidades y que sea en el mejor inter\u00e9s de su hijo.<\/p>\n\n\n\n<div class=\"wp-block-buttons is-layout-flex wp-block-buttons-is-layout-flex\">\n<div class=\"wp-block-button\"><a class=\"wp-block-button__link\" href=\"https:\/\/stelizabethfoundation.org\/es\/contactenos\/\">Solicitar m\u00e1s informaci\u00f3n<\/a><\/div>\n<\/div>\n<\/div><\/div>\n\n<div style=\"height:59px\" aria-hidden=\"true\" class=\"wp-block-spacer\"><\/div>\n\n<h4 class=\"wp-block-heading\">Adopci\u00f3n abierta<\/h4>\n\n<p>Una adopci\u00f3n abierta permite a los padres biol\u00f3gicos tener contacto directo con la familia adoptiva. Juntos, los padres biol\u00f3gicos y las familias adoptivas deciden un plan para las visitas y la comunicaci\u00f3n. Pueden optar por mantenerse en contacto a trav\u00e9s de cartas, llamadas telef\u00f3nicas, correos electr\u00f3nicos o visitas en persona.<\/p>\n\n<div style=\"height:20px\" aria-hidden=\"true\" class=\"wp-block-spacer\"><\/div>\n\n<h4 class=\"wp-block-heading\">Adopci\u00f3n semiabierta<\/h4>\n\n<p>En una adopci\u00f3n semiabierta (a veces denominada adopci\u00f3n mediada), la Fundaci\u00f3n St. Elizabeth ayuda a facilitar la comunicaci\u00f3n entre los padres biol\u00f3gicos y las familias adoptivas. Esto tambi\u00e9n puede ser en forma de cartas, llamadas telef\u00f3nicas, correos electr\u00f3nicos, tarjetas, regalos e incluso visitas en persona. Las adopciones semiabiertas permiten una comunicaci\u00f3n segura respetando los l\u00edmites de cada persona. La mayor\u00eda de las adopciones a trav\u00e9s de St. Elizabeth son semiabiertas.<\/p>\n\n<div style=\"height:20px\" aria-hidden=\"true\" class=\"wp-block-spacer\"><\/div>\n\n<h4 class=\"wp-block-heading\">Adopci\u00f3n cerrada<\/h4>\n\n<p>Una adopci\u00f3n cerrada significa que no hay contacto entre los padres biol\u00f3gicos y las familias adoptivas despu\u00e9s de la colocaci\u00f3n. La informaci\u00f3n de los padres biol\u00f3gicos sigue siendo confidencial, pero pueden optar por compartir su historial m\u00e9dico.<\/p>\n\n<div style=\"height:73px\" aria-hidden=\"true\" class=\"wp-block-spacer\"><\/div>\n\n\n\n\n<div class=\"cta-block wp-block custom-block custom-width lazyload\" style=\"background-image:inherit\"   data-bg-image=\"url(https:\/\/stelizabethfoundation.org\/wp-content\/uploads\/2020\/06\/iStock-1158243675-1-scaled-e1593668600954-1024x563.jpg)\">\n\t<div class=\"animated-background\">\n   <span><\/span>\n   <span><\/span>\n   <span><\/span>\n   <span><\/span>\n   <span><\/span>\n   <span><\/span>\n   <span><\/span>\n   <span><\/span>\n   <span><\/span>\n   <span><\/span>\n   <span><\/span>\n   <span><\/span>\n   <span><\/span>\n   <span><\/span>\n   <span><\/span>\n   <span><\/span>\n   <span><\/span>\n   <span><\/span>\n   <span><\/span>\n   <span><\/span>\n   <span><\/span>\n   <span><\/span>\n   <span><\/span>\n   <span><\/span>\n   <span><\/span>\n<\/div>\t<div class=\"cta-content\">\n\t\t<h3>\u00a1Vea c\u00f3mo funciona la apertura en la adopci\u00f3n!<\/h3>\n\t\t<p>Desde su fundaci\u00f3n, Santa Isabel ha colocado a m\u00e1s de 600 beb\u00e9s. Cada adopci\u00f3n representa el amor de una madre biol\u00f3gica y los amores de una familia adoptiva. Estas son solo algunas de sus historias.<\/p>\n\t\t\t\t\t\t\t<a target=\"_self\" class=\"button\" href=\"https:\/\/stelizabethfoundation.org\/our-stories\/adopting-families\/\">Lea sus historias<\/a>\n\t\t\t<\/div>\n<\/div>","protected":false},"excerpt":{"rendered":"<p>Adopci\u00f3n abierta Una adopci\u00f3n abierta permite a los padres biol\u00f3gicos tener contacto directo con la familia adoptiva. Juntos, los padres biol\u00f3gicos y las familias adoptivas deciden un plan para las visitas y la comunicaci\u00f3n. Pueden optar por mantenerse en contacto a trav\u00e9s de cartas, llamadas telef\u00f3nicas, correos electr\u00f3nicos o visitas en persona. Adopci\u00f3n semiabierta En [&hellip;]<\/p>\n","protected":false},"author":1,"featured_media":0,"parent":1985,"menu_order":0,"comment_status":"closed","ping_status":"closed","template":"","meta":{"_acf_changed":false,"_monsterinsights_skip_tracking":false,"_monsterinsights_sitenote_active":false,"_monsterinsights_sitenote_note":"","_monsterinsights_sitenote_category":0,"footnotes":""},"class_list":["post-2086","page","type-page","status-publish","hentry"],"acf":[],"yoast_head":"<!-- This site is optimized with the Yoast SEO plugin v27.3 - https:\/\/yoast.com\/product\/yoast-seo-wordpress\/ -->\n<title>Adopci\u00f3n Abierta en Louisiana - St. Elizabeth Foundation<\/title>\n<meta name=\"description\" content=\"La adopci\u00f3n ha cambiado mucho a lo largo de los a\u00f1os. La adopci\u00f3n abierta permite a los padres biol\u00f3gicos tener contacto directo con la familia adoptiva a medida que su hijo crece.\" \/>\n<meta name=\"robots\" content=\"index, follow, max-snippet:-1, max-image-preview:large, max-video-preview:-1\" \/>\n<link rel=\"canonical\" href=\"https:\/\/stelizabethfoundation.org\/es\/quiere-adoptar\/apertura-en-la-adopcion\/\" \/>\n<meta property=\"og:locale\" content=\"es_ES\" \/>\n<meta property=\"og:type\" content=\"article\" \/>\n<meta property=\"og:title\" content=\"Adopci\u00f3n Abierta en Louisiana - St. Elizabeth Foundation\" \/>\n<meta property=\"og:description\" content=\"La adopci\u00f3n ha cambiado mucho a lo largo de los a\u00f1os. La adopci\u00f3n abierta permite a los padres biol\u00f3gicos tener contacto directo con la familia adoptiva a medida que su hijo crece.\" \/>\n<meta property=\"og:url\" content=\"https:\/\/stelizabethfoundation.org\/es\/quiere-adoptar\/apertura-en-la-adopcion\/\" \/>\n<meta property=\"og:site_name\" content=\"St. Elizabeth Foundation\" \/>\n<meta property=\"article:publisher\" content=\"https:\/\/www.facebook.com\/stelizabethfoundation\/\" \/>\n<meta property=\"article:modified_time\" content=\"2023-12-11T19:27:29+00:00\" \/>\n<meta property=\"og:image\" content=\"https:\/\/stelizabethfoundation.org\/wp-content\/uploads\/2020\/06\/love-baby-boys-family-50692-1024x683.jpg\" \/>\n<meta name=\"twitter:card\" content=\"summary_large_image\" \/>\n<meta name=\"twitter:site\" content=\"@stelizabeth88\" \/>\n<meta name=\"twitter:label1\" content=\"Tiempo de lectura\" \/>\n\t<meta name=\"twitter:data1\" content=\"1 minuto\" \/>\n<script type=\"application\/ld+json\" class=\"yoast-schema-graph\">{\"@context\":\"https:\\\/\\\/schema.org\",\"@graph\":[{\"@type\":\"WebPage\",\"@id\":\"https:\\\/\\\/stelizabethfoundation.org\\\/es\\\/quiere-adoptar\\\/apertura-en-la-adopcion\\\/\",\"url\":\"https:\\\/\\\/stelizabethfoundation.org\\\/es\\\/quiere-adoptar\\\/apertura-en-la-adopcion\\\/\",\"name\":\"Adopci\u00f3n Abierta en Louisiana - St. Elizabeth Foundation\",\"isPartOf\":{\"@id\":\"https:\\\/\\\/stelizabethfoundation.org\\\/es\\\/#website\"},\"primaryImageOfPage\":{\"@id\":\"https:\\\/\\\/stelizabethfoundation.org\\\/es\\\/quiere-adoptar\\\/apertura-en-la-adopcion\\\/#primaryimage\"},\"image\":{\"@id\":\"https:\\\/\\\/stelizabethfoundation.org\\\/es\\\/quiere-adoptar\\\/apertura-en-la-adopcion\\\/#primaryimage\"},\"thumbnailUrl\":\"https:\\\/\\\/stelizabethfoundation.org\\\/wp-content\\\/uploads\\\/2020\\\/06\\\/love-baby-boys-family-50692-1024x683.jpg\",\"datePublished\":\"2020-07-26T21:19:57+00:00\",\"dateModified\":\"2023-12-11T19:27:29+00:00\",\"description\":\"La adopci\u00f3n ha cambiado mucho a lo largo de los a\u00f1os. La adopci\u00f3n abierta permite a los padres biol\u00f3gicos tener contacto directo con la familia adoptiva a medida que su hijo crece.\",\"breadcrumb\":{\"@id\":\"https:\\\/\\\/stelizabethfoundation.org\\\/es\\\/quiere-adoptar\\\/apertura-en-la-adopcion\\\/#breadcrumb\"},\"inLanguage\":\"es\",\"potentialAction\":[{\"@type\":\"ReadAction\",\"target\":[\"https:\\\/\\\/stelizabethfoundation.org\\\/es\\\/quiere-adoptar\\\/apertura-en-la-adopcion\\\/\"]}]},{\"@type\":\"ImageObject\",\"inLanguage\":\"es\",\"@id\":\"https:\\\/\\\/stelizabethfoundation.org\\\/es\\\/quiere-adoptar\\\/apertura-en-la-adopcion\\\/#primaryimage\",\"url\":\"https:\\\/\\\/stelizabethfoundation.org\\\/wp-content\\\/uploads\\\/2020\\\/06\\\/love-baby-boys-family-50692-1024x683.jpg\",\"contentUrl\":\"https:\\\/\\\/stelizabethfoundation.org\\\/wp-content\\\/uploads\\\/2020\\\/06\\\/love-baby-boys-family-50692-1024x683.jpg\"},{\"@type\":\"BreadcrumbList\",\"@id\":\"https:\\\/\\\/stelizabethfoundation.org\\\/es\\\/quiere-adoptar\\\/apertura-en-la-adopcion\\\/#breadcrumb\",\"itemListElement\":[{\"@type\":\"ListItem\",\"position\":1,\"name\":\"Home\",\"item\":\"https:\\\/\\\/stelizabethfoundation.org\\\/es\\\/esta-embarazada\\\/\"},{\"@type\":\"ListItem\",\"position\":2,\"name\":\"\u00bfQuiere adoptar?\",\"item\":\"https:\\\/\\\/stelizabethfoundation.org\\\/es\\\/quiere-adoptar\\\/\"},{\"@type\":\"ListItem\",\"position\":3,\"name\":\"Apertura en la adopci\u00f3n\"}]},{\"@type\":\"WebSite\",\"@id\":\"https:\\\/\\\/stelizabethfoundation.org\\\/es\\\/#website\",\"url\":\"https:\\\/\\\/stelizabethfoundation.org\\\/es\\\/\",\"name\":\"St. Elizabeth Foundation\",\"description\":\"Louisiana Adoption Agency Unplanned Pregnancy\",\"publisher\":{\"@id\":\"https:\\\/\\\/stelizabethfoundation.org\\\/es\\\/#organization\"},\"potentialAction\":[{\"@type\":\"SearchAction\",\"target\":{\"@type\":\"EntryPoint\",\"urlTemplate\":\"https:\\\/\\\/stelizabethfoundation.org\\\/es\\\/?s={search_term_string}\"},\"query-input\":{\"@type\":\"PropertyValueSpecification\",\"valueRequired\":true,\"valueName\":\"search_term_string\"}}],\"inLanguage\":\"es\"},{\"@type\":\"Organization\",\"@id\":\"https:\\\/\\\/stelizabethfoundation.org\\\/es\\\/#organization\",\"name\":\"St. Elizabeth Foundation\",\"url\":\"https:\\\/\\\/stelizabethfoundation.org\\\/es\\\/\",\"logo\":{\"@type\":\"ImageObject\",\"inLanguage\":\"es\",\"@id\":\"https:\\\/\\\/stelizabethfoundation.org\\\/es\\\/#\\\/schema\\\/logo\\\/image\\\/\",\"url\":\"https:\\\/\\\/stelizabethfoundation.org\\\/wp-content\\\/uploads\\\/2020\\\/06\\\/StElizabeth_Logo_01.svg\",\"contentUrl\":\"https:\\\/\\\/stelizabethfoundation.org\\\/wp-content\\\/uploads\\\/2020\\\/06\\\/StElizabeth_Logo_01.svg\",\"width\":240,\"height\":68,\"caption\":\"St. Elizabeth Foundation\"},\"image\":{\"@id\":\"https:\\\/\\\/stelizabethfoundation.org\\\/es\\\/#\\\/schema\\\/logo\\\/image\\\/\"},\"sameAs\":[\"https:\\\/\\\/www.facebook.com\\\/stelizabethfoundation\\\/\",\"https:\\\/\\\/x.com\\\/stelizabeth88\",\"https:\\\/\\\/www.instagram.com\\\/saintelizabeth88\\\/\"]}]}<\/script>\n<!-- \/ Yoast SEO plugin. -->","yoast_head_json":{"title":"Adopci\u00f3n Abierta en Louisiana - St. Elizabeth Foundation","description":"La adopci\u00f3n ha cambiado mucho a lo largo de los a\u00f1os. La adopci\u00f3n abierta permite a los padres biol\u00f3gicos tener contacto directo con la familia adoptiva a medida que su hijo crece.","robots":{"index":"index","follow":"follow","max-snippet":"max-snippet:-1","max-image-preview":"max-image-preview:large","max-video-preview":"max-video-preview:-1"},"canonical":"https:\/\/stelizabethfoundation.org\/es\/quiere-adoptar\/apertura-en-la-adopcion\/","og_locale":"es_ES","og_type":"article","og_title":"Adopci\u00f3n Abierta en Louisiana - St. Elizabeth Foundation","og_description":"La adopci\u00f3n ha cambiado mucho a lo largo de los a\u00f1os. La adopci\u00f3n abierta permite a los padres biol\u00f3gicos tener contacto directo con la familia adoptiva a medida que su hijo crece.","og_url":"https:\/\/stelizabethfoundation.org\/es\/quiere-adoptar\/apertura-en-la-adopcion\/","og_site_name":"St. Elizabeth Foundation","article_publisher":"https:\/\/www.facebook.com\/stelizabethfoundation\/","article_modified_time":"2023-12-11T19:27:29+00:00","og_image":[{"url":"https:\/\/stelizabethfoundation.org\/wp-content\/uploads\/2020\/06\/love-baby-boys-family-50692-1024x683.jpg","type":"","width":"","height":""}],"twitter_card":"summary_large_image","twitter_site":"@stelizabeth88","twitter_misc":{"Tiempo de lectura":"1 minuto"},"schema":{"@context":"https:\/\/schema.org","@graph":[{"@type":"WebPage","@id":"https:\/\/stelizabethfoundation.org\/es\/quiere-adoptar\/apertura-en-la-adopcion\/","url":"https:\/\/stelizabethfoundation.org\/es\/quiere-adoptar\/apertura-en-la-adopcion\/","name":"Adopci\u00f3n Abierta en Louisiana - St. Elizabeth Foundation","isPartOf":{"@id":"https:\/\/stelizabethfoundation.org\/es\/#website"},"primaryImageOfPage":{"@id":"https:\/\/stelizabethfoundation.org\/es\/quiere-adoptar\/apertura-en-la-adopcion\/#primaryimage"},"image":{"@id":"https:\/\/stelizabethfoundation.org\/es\/quiere-adoptar\/apertura-en-la-adopcion\/#primaryimage"},"thumbnailUrl":"https:\/\/stelizabethfoundation.org\/wp-content\/uploads\/2020\/06\/love-baby-boys-family-50692-1024x683.jpg","datePublished":"2020-07-26T21:19:57+00:00","dateModified":"2023-12-11T19:27:29+00:00","description":"La adopci\u00f3n ha cambiado mucho a lo largo de los a\u00f1os. La adopci\u00f3n abierta permite a los padres biol\u00f3gicos tener contacto directo con la familia adoptiva a medida que su hijo crece.","breadcrumb":{"@id":"https:\/\/stelizabethfoundation.org\/es\/quiere-adoptar\/apertura-en-la-adopcion\/#breadcrumb"},"inLanguage":"es","potentialAction":[{"@type":"ReadAction","target":["https:\/\/stelizabethfoundation.org\/es\/quiere-adoptar\/apertura-en-la-adopcion\/"]}]},{"@type":"ImageObject","inLanguage":"es","@id":"https:\/\/stelizabethfoundation.org\/es\/quiere-adoptar\/apertura-en-la-adopcion\/#primaryimage","url":"https:\/\/stelizabethfoundation.org\/wp-content\/uploads\/2020\/06\/love-baby-boys-family-50692-1024x683.jpg","contentUrl":"https:\/\/stelizabethfoundation.org\/wp-content\/uploads\/2020\/06\/love-baby-boys-family-50692-1024x683.jpg"},{"@type":"BreadcrumbList","@id":"https:\/\/stelizabethfoundation.org\/es\/quiere-adoptar\/apertura-en-la-adopcion\/#breadcrumb","itemListElement":[{"@type":"ListItem","position":1,"name":"Home","item":"https:\/\/stelizabethfoundation.org\/es\/esta-embarazada\/"},{"@type":"ListItem","position":2,"name":"\u00bfQuiere adoptar?","item":"https:\/\/stelizabethfoundation.org\/es\/quiere-adoptar\/"},{"@type":"ListItem","position":3,"name":"Apertura en la adopci\u00f3n"}]},{"@type":"WebSite","@id":"https:\/\/stelizabethfoundation.org\/es\/#website","url":"https:\/\/stelizabethfoundation.org\/es\/","name":"St. Elizabeth Foundation","description":"Louisiana Adoption Agency Unplanned Pregnancy","publisher":{"@id":"https:\/\/stelizabethfoundation.org\/es\/#organization"},"potentialAction":[{"@type":"SearchAction","target":{"@type":"EntryPoint","urlTemplate":"https:\/\/stelizabethfoundation.org\/es\/?s={search_term_string}"},"query-input":{"@type":"PropertyValueSpecification","valueRequired":true,"valueName":"search_term_string"}}],"inLanguage":"es"},{"@type":"Organization","@id":"https:\/\/stelizabethfoundation.org\/es\/#organization","name":"St. Elizabeth Foundation","url":"https:\/\/stelizabethfoundation.org\/es\/","logo":{"@type":"ImageObject","inLanguage":"es","@id":"https:\/\/stelizabethfoundation.org\/es\/#\/schema\/logo\/image\/","url":"https:\/\/stelizabethfoundation.org\/wp-content\/uploads\/2020\/06\/StElizabeth_Logo_01.svg","contentUrl":"https:\/\/stelizabethfoundation.org\/wp-content\/uploads\/2020\/06\/StElizabeth_Logo_01.svg","width":240,"height":68,"caption":"St. Elizabeth Foundation"},"image":{"@id":"https:\/\/stelizabethfoundation.org\/es\/#\/schema\/logo\/image\/"},"sameAs":["https:\/\/www.facebook.com\/stelizabethfoundation\/","https:\/\/x.com\/stelizabeth88","https:\/\/www.instagram.com\/saintelizabeth88\/"]}]}},"_links":{"self":[{"href":"https:\/\/stelizabethfoundation.org\/es\/wp-json\/wp\/v2\/pages\/2086","targetHints":{"allow":["GET"]}}],"collection":[{"href":"https:\/\/stelizabethfoundation.org\/es\/wp-json\/wp\/v2\/pages"}],"about":[{"href":"https:\/\/stelizabethfoundation.org\/es\/wp-json\/wp\/v2\/types\/page"}],"author":[{"embeddable":true,"href":"https:\/\/stelizabethfoundation.org\/es\/wp-json\/wp\/v2\/users\/1"}],"replies":[{"embeddable":true,"href":"https:\/\/stelizabethfoundation.org\/es\/wp-json\/wp\/v2\/comments?post=2086"}],"version-history":[{"count":0,"href":"https:\/\/stelizabethfoundation.org\/es\/wp-json\/wp\/v2\/pages\/2086\/revisions"}],"up":[{"embeddable":true,"href":"https:\/\/stelizabethfoundation.org\/es\/wp-json\/wp\/v2\/pages\/1985"}],"wp:attachment":[{"href":"https:\/\/stelizabethfoundation.org\/es\/wp-json\/wp\/v2\/media?parent=2086"}],"curies":[{"name":"wp","href":"https:\/\/api.w.org\/{rel}","templated":true}]}}