{"id":2078,"date":"2020-08-05T08:11:02","date_gmt":"2020-08-05T13:11:02","guid":{"rendered":"https:\/\/stelizabethfoundation.org\/eventos\/"},"modified":"2024-07-01T12:25:19","modified_gmt":"2024-07-01T17:25:19","slug":"eventos","status":"publish","type":"page","link":"https:\/\/stelizabethfoundation.org\/es\/la-agencia-de-adopcion-que-cuida\/eventos\/","title":{"rendered":"Eventos"},"content":{"rendered":"<div class=\"wp-block-image\">\n<figure class=\"aligncenter size-large is-resized\"><img decoding=\"async\" width=\"731\" height=\"1024\" data-src=\"https:\/\/stelizabethfoundation.org\/wp-content\/uploads\/2024\/07\/save-the-date-731x1024.jpg\" alt=\"\" class=\"wp-image-2507 lazyload\" style=\"--smush-placeholder-width: 731px; --smush-placeholder-aspect-ratio: 731\/1024;width:583px;height:auto\" data-srcset=\"https:\/\/stelizabethfoundation.org\/wp-content\/uploads\/2024\/07\/save-the-date-731x1024.jpg 731w, https:\/\/stelizabethfoundation.org\/wp-content\/uploads\/2024\/07\/save-the-date-429x600.jpg 429w, https:\/\/stelizabethfoundation.org\/wp-content\/uploads\/2024\/07\/save-the-date-768x1075.jpg 768w, https:\/\/stelizabethfoundation.org\/wp-content\/uploads\/2024\/07\/save-the-date-1097x1536.jpg 1097w, https:\/\/stelizabethfoundation.org\/wp-content\/uploads\/2024\/07\/save-the-date-1463x2048.jpg 1463w, https:\/\/stelizabethfoundation.org\/wp-content\/uploads\/2024\/07\/save-the-date-600x840.jpg 600w, https:\/\/stelizabethfoundation.org\/wp-content\/uploads\/2024\/07\/save-the-date-1024x1434.jpg 1024w, https:\/\/stelizabethfoundation.org\/wp-content\/uploads\/2024\/07\/save-the-date-1200x1680.jpg 1200w, https:\/\/stelizabethfoundation.org\/wp-content\/uploads\/2024\/07\/save-the-date.jpg 1500w\" data-sizes=\"(max-width: 639px) 98vw, (max-width: 1199px) 64vw, 731px\" src=\"data:image\/svg+xml;base64,PHN2ZyB3aWR0aD0iMSIgaGVpZ2h0PSIxIiB4bWxucz0iaHR0cDovL3d3dy53My5vcmcvMjAwMC9zdmciPjwvc3ZnPg==\" \/><\/figure>\n<\/div>\n<p><\/p>\n\n<p><\/p>\n\n<p><\/p>\n\n<h4 class=\"wp-block-heading has-text-align-center\"><strong>\u00bfEst\u00e1 buscando una maravillosa organizaci\u00f3n local sin fines de lucro a la que donar? \u00a1No busques m\u00e1s!<br\/>\u00a1Ahora estamos en la Tienda de Donaciones con Baton Rouge Area Foundation, una ventanilla \u00fanica para la filantrop\u00eda efectiva y f\u00e1cil de cualquier tipo! Echa un vistazo a la lista de nuestra organizaci\u00f3n en la Tienda de Donaciones <a href=\"https:\/\/www.iphiview.com\/braf\/DonorPortal\/RecommendGrants\/OrganizationDetails\/AccountDetails\/tabid\/180\/dispatch\/accountselection_id%24658920_hash%247b55d0c7520c5ab820df1cadca0c61233a6d31a9\/Default.aspx\">aqu\u00ed<\/a> para hacer una donaci\u00f3n hoy o en el futuro.<\/strong><\/h4>\n<div class=\"wp-block-image\">\n<figure class=\"aligncenter size-large is-resized\"><a href=\"https:\/\/www.iphiview.com\/braf\/DonorPortal\/RecommendGrants\/OrganizationDetails\/AccountDetails\/tabid\/180\/dispatch\/accountselection_id$658920_hash$7b55d0c7520c5ab820df1cadca0c61233a6d31a9\/Default.aspx\"><img decoding=\"async\" width=\"1024\" height=\"1024\" data-src=\"https:\/\/stelizabethfoundation.org\/wp-content\/uploads\/2023\/11\/Add-a-little-bit-of-body-text-2-1024x1024.png\" alt=\"\" class=\"wp-image-2004 lazyload\" style=\"--smush-placeholder-width: 1024px; --smush-placeholder-aspect-ratio: 1024\/1024;aspect-ratio:1;width:554px;height:auto\" data-srcset=\"https:\/\/stelizabethfoundation.org\/wp-content\/uploads\/2023\/11\/Add-a-little-bit-of-body-text-2-1024x1024.png 1024w, https:\/\/stelizabethfoundation.org\/wp-content\/uploads\/2023\/11\/Add-a-little-bit-of-body-text-2-600x600.png 600w, https:\/\/stelizabethfoundation.org\/wp-content\/uploads\/2023\/11\/Add-a-little-bit-of-body-text-2-250x250.png 250w, https:\/\/stelizabethfoundation.org\/wp-content\/uploads\/2023\/11\/Add-a-little-bit-of-body-text-2-768x768.png 768w, https:\/\/stelizabethfoundation.org\/wp-content\/uploads\/2023\/11\/Add-a-little-bit-of-body-text-2.png 1080w\" data-sizes=\"(max-width: 639px) 98vw, (max-width: 1199px) 64vw, 770px\" src=\"data:image\/svg+xml;base64,PHN2ZyB3aWR0aD0iMSIgaGVpZ2h0PSIxIiB4bWxucz0iaHR0cDovL3d3dy53My5vcmcvMjAwMC9zdmciPjwvc3ZnPg==\" \/><\/a><\/figure>\n<\/div>","protected":false},"excerpt":{"rendered":"<p>\u00bfEst\u00e1 buscando una maravillosa organizaci\u00f3n local sin fines de lucro a la que donar? \u00a1No busques m\u00e1s!\u00a1Ahora estamos en la Tienda de Donaciones con Baton Rouge Area Foundation, una ventanilla \u00fanica para la filantrop\u00eda efectiva y f\u00e1cil de cualquier tipo! Echa un vistazo a la lista de nuestra organizaci\u00f3n en la Tienda de Donaciones aqu\u00ed [&hellip;]<\/p>\n","protected":false},"author":1,"featured_media":0,"parent":2106,"menu_order":0,"comment_status":"closed","ping_status":"closed","template":"","meta":{"_acf_changed":false,"_monsterinsights_skip_tracking":false,"_monsterinsights_sitenote_active":false,"_monsterinsights_sitenote_note":"","_monsterinsights_sitenote_category":0,"footnotes":""},"class_list":["post-2078","page","type-page","status-publish","hentry"],"acf":[],"yoast_head":"<!-- This site is optimized with the Yoast SEO plugin v27.4 - https:\/\/yoast.com\/product\/yoast-seo-wordpress\/ -->\n<title>Eventos | St. Elizabeth Foundation<\/title>\n<meta name=\"description\" content=\"\u00bfEst\u00e1s buscando pr\u00f3ximos eventos con St. Elizabeth Foundation? Eche un vistazo y vea lo que puede esperar.\" \/>\n<meta name=\"robots\" content=\"index, follow, max-snippet:-1, max-image-preview:large, max-video-preview:-1\" \/>\n<link rel=\"canonical\" href=\"https:\/\/stelizabethfoundation.org\/es\/la-agencia-de-adopcion-que-cuida\/eventos\/\" \/>\n<meta property=\"og:locale\" content=\"es_ES\" \/>\n<meta property=\"og:type\" content=\"article\" \/>\n<meta property=\"og:title\" content=\"Eventos | St. Elizabeth Foundation\" \/>\n<meta property=\"og:description\" content=\"\u00bfEst\u00e1s buscando pr\u00f3ximos eventos con St. Elizabeth Foundation? Eche un vistazo y vea lo que puede esperar.\" \/>\n<meta property=\"og:url\" content=\"https:\/\/stelizabethfoundation.org\/es\/la-agencia-de-adopcion-que-cuida\/eventos\/\" \/>\n<meta property=\"og:site_name\" content=\"St. Elizabeth Foundation\" \/>\n<meta property=\"article:publisher\" content=\"https:\/\/www.facebook.com\/stelizabethfoundation\/\" \/>\n<meta property=\"article:modified_time\" content=\"2024-07-01T17:25:19+00:00\" \/>\n<meta property=\"og:image\" content=\"https:\/\/stelizabethfoundation.org\/wp-content\/uploads\/2024\/07\/save-the-date-731x1024.jpg\" \/>\n<meta name=\"twitter:card\" content=\"summary_large_image\" \/>\n<meta name=\"twitter:site\" content=\"@stelizabeth88\" \/>\n<script type=\"application\/ld+json\" class=\"yoast-schema-graph\">{\"@context\":\"https:\\\/\\\/schema.org\",\"@graph\":[{\"@type\":\"WebPage\",\"@id\":\"https:\\\/\\\/stelizabethfoundation.org\\\/es\\\/la-agencia-de-adopcion-que-cuida\\\/eventos\\\/\",\"url\":\"https:\\\/\\\/stelizabethfoundation.org\\\/es\\\/la-agencia-de-adopcion-que-cuida\\\/eventos\\\/\",\"name\":\"Eventos | St. Elizabeth Foundation\",\"isPartOf\":{\"@id\":\"https:\\\/\\\/stelizabethfoundation.org\\\/es\\\/#website\"},\"primaryImageOfPage\":{\"@id\":\"https:\\\/\\\/stelizabethfoundation.org\\\/es\\\/la-agencia-de-adopcion-que-cuida\\\/eventos\\\/#primaryimage\"},\"image\":{\"@id\":\"https:\\\/\\\/stelizabethfoundation.org\\\/es\\\/la-agencia-de-adopcion-que-cuida\\\/eventos\\\/#primaryimage\"},\"thumbnailUrl\":\"https:\\\/\\\/stelizabethfoundation.org\\\/wp-content\\\/uploads\\\/2024\\\/07\\\/save-the-date-731x1024.jpg\",\"datePublished\":\"2020-08-05T13:11:02+00:00\",\"dateModified\":\"2024-07-01T17:25:19+00:00\",\"description\":\"\u00bfEst\u00e1s buscando pr\u00f3ximos eventos con St. Elizabeth Foundation? Eche un vistazo y vea lo que puede esperar.\",\"breadcrumb\":{\"@id\":\"https:\\\/\\\/stelizabethfoundation.org\\\/es\\\/la-agencia-de-adopcion-que-cuida\\\/eventos\\\/#breadcrumb\"},\"inLanguage\":\"es\",\"potentialAction\":[{\"@type\":\"ReadAction\",\"target\":[\"https:\\\/\\\/stelizabethfoundation.org\\\/es\\\/la-agencia-de-adopcion-que-cuida\\\/eventos\\\/\"]}]},{\"@type\":\"ImageObject\",\"inLanguage\":\"es\",\"@id\":\"https:\\\/\\\/stelizabethfoundation.org\\\/es\\\/la-agencia-de-adopcion-que-cuida\\\/eventos\\\/#primaryimage\",\"url\":\"https:\\\/\\\/stelizabethfoundation.org\\\/wp-content\\\/uploads\\\/2024\\\/07\\\/save-the-date-731x1024.jpg\",\"contentUrl\":\"https:\\\/\\\/stelizabethfoundation.org\\\/wp-content\\\/uploads\\\/2024\\\/07\\\/save-the-date-731x1024.jpg\"},{\"@type\":\"BreadcrumbList\",\"@id\":\"https:\\\/\\\/stelizabethfoundation.org\\\/es\\\/la-agencia-de-adopcion-que-cuida\\\/eventos\\\/#breadcrumb\",\"itemListElement\":[{\"@type\":\"ListItem\",\"position\":1,\"name\":\"Home\",\"item\":\"https:\\\/\\\/stelizabethfoundation.org\\\/es\\\/esta-embarazada\\\/\"},{\"@type\":\"ListItem\",\"position\":2,\"name\":\"La agencia de adopci\u00f3n que cuida\",\"item\":\"https:\\\/\\\/stelizabethfoundation.org\\\/es\\\/la-agencia-de-adopcion-que-cuida\\\/\"},{\"@type\":\"ListItem\",\"position\":3,\"name\":\"Eventos\"}]},{\"@type\":\"WebSite\",\"@id\":\"https:\\\/\\\/stelizabethfoundation.org\\\/es\\\/#website\",\"url\":\"https:\\\/\\\/stelizabethfoundation.org\\\/es\\\/\",\"name\":\"St. Elizabeth Foundation\",\"description\":\"Louisiana Adoption Agency Unplanned Pregnancy\",\"publisher\":{\"@id\":\"https:\\\/\\\/stelizabethfoundation.org\\\/es\\\/#organization\"},\"potentialAction\":[{\"@type\":\"SearchAction\",\"target\":{\"@type\":\"EntryPoint\",\"urlTemplate\":\"https:\\\/\\\/stelizabethfoundation.org\\\/es\\\/?s={search_term_string}\"},\"query-input\":{\"@type\":\"PropertyValueSpecification\",\"valueRequired\":true,\"valueName\":\"search_term_string\"}}],\"inLanguage\":\"es\"},{\"@type\":\"Organization\",\"@id\":\"https:\\\/\\\/stelizabethfoundation.org\\\/es\\\/#organization\",\"name\":\"St. Elizabeth Foundation\",\"url\":\"https:\\\/\\\/stelizabethfoundation.org\\\/es\\\/\",\"logo\":{\"@type\":\"ImageObject\",\"inLanguage\":\"es\",\"@id\":\"https:\\\/\\\/stelizabethfoundation.org\\\/es\\\/#\\\/schema\\\/logo\\\/image\\\/\",\"url\":\"https:\\\/\\\/stelizabethfoundation.org\\\/wp-content\\\/uploads\\\/2020\\\/06\\\/StElizabeth_Logo_01.svg\",\"contentUrl\":\"https:\\\/\\\/stelizabethfoundation.org\\\/wp-content\\\/uploads\\\/2020\\\/06\\\/StElizabeth_Logo_01.svg\",\"width\":240,\"height\":68,\"caption\":\"St. Elizabeth Foundation\"},\"image\":{\"@id\":\"https:\\\/\\\/stelizabethfoundation.org\\\/es\\\/#\\\/schema\\\/logo\\\/image\\\/\"},\"sameAs\":[\"https:\\\/\\\/www.facebook.com\\\/stelizabethfoundation\\\/\",\"https:\\\/\\\/x.com\\\/stelizabeth88\",\"https:\\\/\\\/www.instagram.com\\\/saintelizabeth88\\\/\"]}]}<\/script>\n<!-- \/ Yoast SEO plugin. -->","yoast_head_json":{"title":"Eventos | St. Elizabeth Foundation","description":"\u00bfEst\u00e1s buscando pr\u00f3ximos eventos con St. Elizabeth Foundation? Eche un vistazo y vea lo que puede esperar.","robots":{"index":"index","follow":"follow","max-snippet":"max-snippet:-1","max-image-preview":"max-image-preview:large","max-video-preview":"max-video-preview:-1"},"canonical":"https:\/\/stelizabethfoundation.org\/es\/la-agencia-de-adopcion-que-cuida\/eventos\/","og_locale":"es_ES","og_type":"article","og_title":"Eventos | St. Elizabeth Foundation","og_description":"\u00bfEst\u00e1s buscando pr\u00f3ximos eventos con St. Elizabeth Foundation? Eche un vistazo y vea lo que puede esperar.","og_url":"https:\/\/stelizabethfoundation.org\/es\/la-agencia-de-adopcion-que-cuida\/eventos\/","og_site_name":"St. Elizabeth Foundation","article_publisher":"https:\/\/www.facebook.com\/stelizabethfoundation\/","article_modified_time":"2024-07-01T17:25:19+00:00","og_image":[{"url":"https:\/\/stelizabethfoundation.org\/wp-content\/uploads\/2024\/07\/save-the-date-731x1024.jpg","type":"","width":"","height":""}],"twitter_card":"summary_large_image","twitter_site":"@stelizabeth88","schema":{"@context":"https:\/\/schema.org","@graph":[{"@type":"WebPage","@id":"https:\/\/stelizabethfoundation.org\/es\/la-agencia-de-adopcion-que-cuida\/eventos\/","url":"https:\/\/stelizabethfoundation.org\/es\/la-agencia-de-adopcion-que-cuida\/eventos\/","name":"Eventos | St. Elizabeth Foundation","isPartOf":{"@id":"https:\/\/stelizabethfoundation.org\/es\/#website"},"primaryImageOfPage":{"@id":"https:\/\/stelizabethfoundation.org\/es\/la-agencia-de-adopcion-que-cuida\/eventos\/#primaryimage"},"image":{"@id":"https:\/\/stelizabethfoundation.org\/es\/la-agencia-de-adopcion-que-cuida\/eventos\/#primaryimage"},"thumbnailUrl":"https:\/\/stelizabethfoundation.org\/wp-content\/uploads\/2024\/07\/save-the-date-731x1024.jpg","datePublished":"2020-08-05T13:11:02+00:00","dateModified":"2024-07-01T17:25:19+00:00","description":"\u00bfEst\u00e1s buscando pr\u00f3ximos eventos con St. Elizabeth Foundation? Eche un vistazo y vea lo que puede esperar.","breadcrumb":{"@id":"https:\/\/stelizabethfoundation.org\/es\/la-agencia-de-adopcion-que-cuida\/eventos\/#breadcrumb"},"inLanguage":"es","potentialAction":[{"@type":"ReadAction","target":["https:\/\/stelizabethfoundation.org\/es\/la-agencia-de-adopcion-que-cuida\/eventos\/"]}]},{"@type":"ImageObject","inLanguage":"es","@id":"https:\/\/stelizabethfoundation.org\/es\/la-agencia-de-adopcion-que-cuida\/eventos\/#primaryimage","url":"https:\/\/stelizabethfoundation.org\/wp-content\/uploads\/2024\/07\/save-the-date-731x1024.jpg","contentUrl":"https:\/\/stelizabethfoundation.org\/wp-content\/uploads\/2024\/07\/save-the-date-731x1024.jpg"},{"@type":"BreadcrumbList","@id":"https:\/\/stelizabethfoundation.org\/es\/la-agencia-de-adopcion-que-cuida\/eventos\/#breadcrumb","itemListElement":[{"@type":"ListItem","position":1,"name":"Home","item":"https:\/\/stelizabethfoundation.org\/es\/esta-embarazada\/"},{"@type":"ListItem","position":2,"name":"La agencia de adopci\u00f3n que cuida","item":"https:\/\/stelizabethfoundation.org\/es\/la-agencia-de-adopcion-que-cuida\/"},{"@type":"ListItem","position":3,"name":"Eventos"}]},{"@type":"WebSite","@id":"https:\/\/stelizabethfoundation.org\/es\/#website","url":"https:\/\/stelizabethfoundation.org\/es\/","name":"St. Elizabeth Foundation","description":"Louisiana Adoption Agency Unplanned Pregnancy","publisher":{"@id":"https:\/\/stelizabethfoundation.org\/es\/#organization"},"potentialAction":[{"@type":"SearchAction","target":{"@type":"EntryPoint","urlTemplate":"https:\/\/stelizabethfoundation.org\/es\/?s={search_term_string}"},"query-input":{"@type":"PropertyValueSpecification","valueRequired":true,"valueName":"search_term_string"}}],"inLanguage":"es"},{"@type":"Organization","@id":"https:\/\/stelizabethfoundation.org\/es\/#organization","name":"St. Elizabeth Foundation","url":"https:\/\/stelizabethfoundation.org\/es\/","logo":{"@type":"ImageObject","inLanguage":"es","@id":"https:\/\/stelizabethfoundation.org\/es\/#\/schema\/logo\/image\/","url":"https:\/\/stelizabethfoundation.org\/wp-content\/uploads\/2020\/06\/StElizabeth_Logo_01.svg","contentUrl":"https:\/\/stelizabethfoundation.org\/wp-content\/uploads\/2020\/06\/StElizabeth_Logo_01.svg","width":240,"height":68,"caption":"St. Elizabeth Foundation"},"image":{"@id":"https:\/\/stelizabethfoundation.org\/es\/#\/schema\/logo\/image\/"},"sameAs":["https:\/\/www.facebook.com\/stelizabethfoundation\/","https:\/\/x.com\/stelizabeth88","https:\/\/www.instagram.com\/saintelizabeth88\/"]}]}},"_links":{"self":[{"href":"https:\/\/stelizabethfoundation.org\/es\/wp-json\/wp\/v2\/pages\/2078","targetHints":{"allow":["GET"]}}],"collection":[{"href":"https:\/\/stelizabethfoundation.org\/es\/wp-json\/wp\/v2\/pages"}],"about":[{"href":"https:\/\/stelizabethfoundation.org\/es\/wp-json\/wp\/v2\/types\/page"}],"author":[{"embeddable":true,"href":"https:\/\/stelizabethfoundation.org\/es\/wp-json\/wp\/v2\/users\/1"}],"replies":[{"embeddable":true,"href":"https:\/\/stelizabethfoundation.org\/es\/wp-json\/wp\/v2\/comments?post=2078"}],"version-history":[{"count":0,"href":"https:\/\/stelizabethfoundation.org\/es\/wp-json\/wp\/v2\/pages\/2078\/revisions"}],"up":[{"embeddable":true,"href":"https:\/\/stelizabethfoundation.org\/es\/wp-json\/wp\/v2\/pages\/2106"}],"wp:attachment":[{"href":"https:\/\/stelizabethfoundation.org\/es\/wp-json\/wp\/v2\/media?parent=2078"}],"curies":[{"name":"wp","href":"https:\/\/api.w.org\/{rel}","templated":true}]}}